{"id":3,"date":"2022-05-10T07:50:49","date_gmt":"2022-05-10T07:50:49","guid":{"rendered":"https:\/\/dr-hartmann.com\/?page_id=3"},"modified":"2023-05-03T12:52:40","modified_gmt":"2023-05-03T12:52:40","slug":"datenschutz","status":"publish","type":"page","link":"https:\/\/dr-hartmann.com\/index.php\/datenschutz\/","title":{"rendered":"Datenschutz"},"content":{"rendered":"<div id='av_section_1'  class='avia-section av-l3x4u1zv-db0661a443d729d7f943cf5ade4f85e4 main_color avia-section-default avia-no-border-styling  avia-builder-el-0  avia-builder-el-no-sibling  avia-bg-style-scroll container_wrap sidebar_right'  ><div class='container av-section-cont-open' ><main  role=\"main\" itemprop=\"mainContentOfPage\"  class='template-page content  av-content-small alpha units'><div class='post-entry post-entry-type-page post-entry-3'><div class='entry-content-wrapper clearfix'>\n<div class='flex_column av-dw8f-1f7026335352d47f77ab5c8007518a2d av_one_fifth  avia-builder-el-1  el_before_av_three_fifth  avia-builder-el-first  first flex_column_div '   ><\/div><div class='flex_column av-boot-fc582b0f11b3c143468397ecf3708a7d av_three_fifth  avia-builder-el-2  el_after_av_one_fifth  el_before_av_one_fifth  flex_column_div '   ><style type=\"text\/css\" data-created_by=\"avia_inline_auto\" id=\"style-css-av-l3x4hlx7-a9c097ac924056ca1e2d196a1e788d44\">\n#top .av-special-heading.av-l3x4hlx7-a9c097ac924056ca1e2d196a1e788d44{\npadding-bottom:10px;\ncolor:#009fe3;\n}\nbody .av-special-heading.av-l3x4hlx7-a9c097ac924056ca1e2d196a1e788d44 .av-special-heading-tag .heading-char{\nfont-size:25px;\n}\n.av-special-heading.av-l3x4hlx7-a9c097ac924056ca1e2d196a1e788d44 .special-heading-inner-border{\nborder-color:#009fe3;\n}\n.av-special-heading.av-l3x4hlx7-a9c097ac924056ca1e2d196a1e788d44 .av-subheading{\nfont-size:15px;\n}\nbody .av-special-heading.av-l3x4hlx7-a9c097ac924056ca1e2d196a1e788d44 .av-special-heading-tag .heading-wrap:before{\nborder-color:#009fe3;\n}\nbody .av-special-heading.av-l3x4hlx7-a9c097ac924056ca1e2d196a1e788d44 .av-special-heading-tag .heading-wrap:after{\nborder-color:#009fe3;\n}\n<\/style>\n<div  class='av-special-heading av-l3x4hlx7-a9c097ac924056ca1e2d196a1e788d44 av-special-heading-h2 custom-color-heading blockquote modern-quote modern-centered  avia-builder-el-3  avia-builder-el-no-sibling '><h2 class='av-special-heading-tag'  itemprop=\"headline\"  >Datenschutz<\/h2><div class=\"special-heading-border\"><div class=\"special-heading-inner-border\"><\/div><\/div><\/div><\/div><div class='flex_column av-apsp-6463116f1ba82bd91ce8b6b4b7ab2434 av_one_fifth  avia-builder-el-4  el_after_av_three_fifth  el_before_av_one_fifth  flex_column_div '   ><\/div><div class='flex_column av-6rzp-973df15d7058a6085d621ccb67b25789 av_one_fifth  avia-builder-el-5  el_after_av_one_fifth  el_before_av_three_fifth  first flex_column_div column-top-margin'   ><\/div><div class='flex_column av-5u21-cec8e39f1734d638f4f089a5c2f82e6b av_three_fifth  avia-builder-el-6  el_after_av_one_fifth  el_before_av_one_fifth  flex_column_div column-top-margin'   ><style type=\"text\/css\" data-created_by=\"avia_inline_auto\" id=\"style-css-av-l3x4thkb-cd7960c1911ff37dd0672dee821a27b5\">\n#top .av_textblock_section.av-l3x4thkb-cd7960c1911ff37dd0672dee821a27b5 .avia_textblock{\nfont-size:15px;\ncolor:#555555;\n}\n<\/style>\n<section  class='av_textblock_section av-l3x4thkb-cd7960c1911ff37dd0672dee821a27b5'  itemscope=\"itemscope\" itemtype=\"https:\/\/schema.org\/CreativeWork\" ><div class='avia_textblock av_inherit_color'  itemprop=\"text\" ><p>Der Schutz Ihrer pers\u00f6nlichen Daten ist uns ein besonderes Anliegen. Wir verarbeiten Ihre Daten daher ausschlie\u00dflich auf Grundlage der gesetzlichen Bestimmungen. In dieser Datenschutzerkl\u00e4rung informieren wir Sie \u00fcber die wichtigsten Aspekte der Datenverarbeitung im Rahmen unserer Website.<\/p>\n<p><strong>Verantwortliche <\/strong><\/p>\n<p>Die Verantwortliche f\u00fcr die Datenverarbeitung ist:<\/p>\n<p><strong>Dr. Susanne Hartmann-Fussenegger<\/strong><br \/>\nNeurologin<\/p>\n<p>Hintere Achm\u00fchlerstra\u00dfe 2<br \/>\nA-6850 Dornbirn<br \/>\nT +43 (0)5572 949877<br \/>\npraxis@dr-hartmann.com<\/p>\n<p><strong>Logfiles <\/strong><\/p>\n<p>Diese Website erhebt und speichert automatisch personenbezogene und nicht-personenbezogenene Daten (Browsertyp\/ -version, verwendetes Betriebssystem, Referrer URL (die zuvor besuchte Seite), Hostname des zugreifenden Rechners (IP-Adresse), Zeitpunkt der Serveranfrage) in Server-Logfiles, die Ihr Browser an uns \u00fcbermittelt. Die Speicherung dient dazu, die Funktionsf\u00e4higkeit, Stabilit\u00e4t und die Sicherheit unserer Website sowie des Webservers sicherzustellen.<\/p>\n<p><strong>Cookies <\/strong><\/p>\n<p>Beim Aufruf unserer Website werden Sie durch einen Infobanner \u00fcber die Verwendung von Cookies auf unserer Website informiert. Wir verwenden Cookies, um die Nutzung der Website zu erleichtern und zu verbessern und um zu analysieren, wie unsere Angebote verwendet werden.<\/p>\n<p>Cookies sind kleine Textdateien, die einen Benutzer bei erneuter Nutzung der Seite wieder erkennen und auf dem Computersystem des Nutzers gespeichert werden.<\/p>\n<p>Dabei werden 2 Arten von Cookies unterschieden: Transiente Cookies werden automatisch gel\u00f6scht, wenn Sie Ihren Browser schlie\u00dfen. Dazu z\u00e4hlen Session-Cookies, mit welcher sich Anfragen Ihres Browsers einer Sitzung zuordnen lassen. Diese Session-Cookies werden gel\u00f6scht, wenn Sie sich ausloggen oder den Browser schlie\u00dfen. Persistente Cookies werdenautomatisch nach einer vorgegebenen Dauer gel\u00f6scht, die sich je nach Cookie unterscheiden kann. Sie selbst k\u00f6nnen die Cookies jedoch in Ihren Browsereinstellungen jederzeit l\u00f6schen.<\/p>\n<p>Im Fall von Cookies werden keine pers\u00f6nlichen Angaben, wie z.B. Name oder Adresse, gespeichert. Die auf diese Art erhobenen Nutzerdaten sind anonym.<\/p>\n<p>Sie k\u00f6nnen Ihren Browser so einstellen, dass Ihre Einwilligung vor der Verwendung eines Cookies eingeholt werden muss oder die Verwendung von Cookies generell blockiert wird, Sie \u00fcber das Setzen von Cookies informiert werden und Cookies nur im Einzelfall erlauben, die Annahme von Cookies f\u00fcr bestimmte F\u00e4lle oder generell ausschlie\u00dfen sowie das automatische L\u00f6schen der Cookies beim Schlie\u00dfen des Browser aktivieren. Bei der Deaktivierung von Cookies kann die Funktionalit\u00e4t dieser Website eingeschr\u00e4nkt sein.<\/p>\n<p><strong>Formulare <\/strong><\/p>\n<p>Wenn Sie per Formular auf der Website oder per E-Mail Kontakt mit uns aufnehmen, werden Ihre angegebenen Daten z.B. Name, Vorname, Anschrift, Nachricht, E-Mail-Adresse, IP-Adresse, Zeitpunkt der Anfrage zwecks Bearbeitung Ihres Anliegens und f\u00fcr den Fall von Anschlussfragen bis auf weiteres bei uns gespeichert.<\/p>\n<p>Die Erhebung von IP-Adresse und Zeitpunkt der Anfrage ist erforderlich, um potentiellen Missbrauch einer E-Mail-Adresse sp\u00e4ter nachvollziehen zu k\u00f6nnen und dient deshalb der rechtlichen Absicherung des f\u00fcr die Verarbeitung Verantwortlichen.<\/p>\n<p><strong>Google Analytics <\/strong><\/p>\n<p>Bei Google Analytics handelt es sich um einen Webanalysedienst der Google Inc., 1600 Amphitheatre Parkway, Mountain View, CA 94043, USA.<\/p>\n<p>Dieser Dienst verwendet Cookies (siehe Cookies). Die durch Cookies erzeugten Informationen \u00fcber Ihre Benutzung dieser Website werden in der Regel an einen Server von Google in den USA \u00fcbertragen und dort gespeichert. Auf dieser Website wurde die IP-Anonymisierung aktiviert. Dadurch wird Ihre IP-Adresse von Google innerhalb von Mitgliedstaaten der Europ\u00e4ischen Union oder in anderen Vertragsstaaten des Abkommens \u00fcber den Europ\u00e4ischen Wirtschaftsraum vorweg gek\u00fcrzt. Nur in bestimmten F\u00e4llen wird die volle IP-Adresse an einen Server von Google in den USA oder einem sonstigen Drittstaat \u00fcbertragen und dort gek\u00fcrzt.<\/p>\n<p>Google nutzt diese Informationen, um Ihre Nutzung dieser Website auszuwerten, um Reports \u00fcber die Websiteaktivit\u00e4ten zusammenzustellen und um weitere mit der Websitenutzung und der Internetnutzung verbundene Dienstleistungen gegen\u00fcber dem Websitebetreiber zu erbringen. Die im Rahmen von Google Analytics von Ihrem Browser \u00fcbermittelte IP-Adresse wird nicht mit anderen Daten von Google zusammengef\u00fchrt.<\/p>\n<p>Die Speicherung der von Google Analytics ben\u00f6tigten Cookies kann durch eine entsprechende Einstellung Ihres Browsers verhindert werden. Allerdings kann dies dazu f\u00fchren. dass Sie gegebenenfalls nicht s\u00e4mtliche Funktionen dieser Website vollumf\u00e4nglich nutzen k\u00f6nnen. Die Erfassung der durch das Cookie erzeugten und auf Ihre Nutzung der Website bezogenen Daten sowie deren \u00dcbermittlung und Verarbeitung durch Google k\u00f6nnen Sie verhindern, indem sie das unter dem folgenden Link verf\u00fcgbare Browser-Plugin herunterladen und installieren: tools.google.com\/dlpage\/gaoptout?hl=de.<\/p>\n<p>N\u00e4here Informationen zu Nutzungsbedingungen und Datenschutz finden Sie unter www.google.com\/analytics\/terms\/de.html bzw. unter policies.google.com\/?hl=de.<\/p>\n<p><strong>Google Maps \/ Google Earth <\/strong><\/p>\n<p>Bei Google Maps handelt es sich um einen interaktiven Kartendienst der Google Inc., 1600 Amphitheatre Parkway, Mountain View, CA 94043, USA.<\/p>\n<p>Bei Besuch einer Seite mit Google Map Karte erh\u00e4lt Google die Information \u00fcber die aufgerufene Seite unserer Website und zwar unabh\u00e4ngig davon, ob Sie mit einem Google Account eingeloggt sind oder nicht. Eingeloggt kann Google diese Daten Ihrem Account zuordnen. Sofern Sie dies nicht wollen, m\u00fcssen Sie sich vor Nutzung der Google Map Karten bei Google ausloggen. Widerspruch zu Verwendung Ihrer Daten m\u00fcssen Sie direkt an Google richten.<\/p>\n<p>Die erzeugten Informationen \u00fcber Ihre Benutzung dieser Website (z.B. IP-Adresse) werden in der Regel an einen Server von Google in den USA \u00fcbertragen und dort gespeichert. N\u00e4here Informationen zu Nutzungsbedingungen und Datenschutz finden Sie unter<br \/>\nwww.google.com\/intl\/de_US\/help\/terms_maps.html<br \/>\nbzw. unter policies.google.com\/?hl=de.<\/p>\n<p><strong>Google Web Fonts <\/strong><\/p>\n<p>Bei Google Web Fonts handelt es sich um Schriftarten f\u00fcr Websites der Google Inc., 1600 Amphitheatre Parkway, Mountain View, CA 94043, USA.<\/p>\n<p>Bei Besuch einer Seite mit Google Web Fonts ladet der Browser die ben\u00f6tigten Web Fonts in Ihren Browser-Cache. Dadurch erh\u00e4lt Google die Information \u00fcber die aufgerufene Seite unserer Website. Sinn der Nutzung von Google Web Fonts ist eine einheitliche und ansprechende Darstellung \u00fcber unsere gesamte Website. Widerspruch zu Verwendung Ihrer Daten m\u00fcssen Sie direkt an Google richten.<\/p>\n<p>Die erzeugten Informationen \u00fcber Ihre Benutzung dieser Website (z.B. IP-Adresse) werden in der Regel an einen Server von Google in den USA \u00fcbertragen und dort gespeichert. N\u00e4here Informationen zu Nutzungsbedingungen und Datenschutz finden Sie unter developers.google.com\/fonts\/faq bzw. unter policies.google.com\/?hl=de.<\/p>\n<p><strong>YouTube <\/strong><\/p>\n<p>Bei YouTube handelt es sich um ein Internet-Videoportal der YouTube, LLC, 901 Cherry Ave., San Bruno, CA 94066, USA. Die YouTube, LLC ist einer Tochtergesellschaft der Google Inc., 1600 Amphitheatre Parkway, Mountain View, CA 94043, USA.<\/p>\n<p>Bei Besuch einer Seite mit YouTube-Video erh\u00e4lt YouTube die Information \u00fcber die aufgerufene Seite unserer Website und zwar unabh\u00e4ngig davon, ob Sie mit einem Google Account eingeloggt sind oder nicht. Eingeloggt kann Google diese Daten Ihrem Account zuordnen. Sofern Sie dies nicht wollen, m\u00fcssen Sie sich vor Nutzung der YouTube Videos bei Google ausloggen. Widerspruch zu Verwendung Ihrer Daten m\u00fcssen Sie direkt an Google richten.<\/p>\n<p>Die erzeugten Informationen \u00fcber Ihre Benutzung dieser Website (z.B. IP-Adresse) werden in der Regel an einen Server von Google in den USA \u00fcbertragen und dort gespeichert. N\u00e4here Informationen zu Nutzungsbedingungen und Datenschutz finden Sie unter policies.google.com\/?hl=de.<\/p>\n<p><strong>Links zu anderen Websites und sozialen Medien <\/strong><\/p>\n<p>Auf dieser Website werden Links zu anderen Websites gesetzt. Dies erfolgt lediglich zu Informationszwecken. Diese Websites stehen nicht unter unserer Kontrolle und fallen daher nicht unter die Bestimmungen dieser Datenschutzerkl\u00e4rung. Sollten Sie einen Link anklicken, ist es m\u00f6glich, dass der Betreiber dieser Website Daten \u00fcber Sie erhebt und diese gem\u00e4\u00df seiner Datenschutzerkl\u00e4rung, die von unserer abweichen kann, verwendet.<\/p>\n<p>Auf dieser Website besteht die M\u00f6glichkeit, \u00fcber Links mit verschiedenen sozialen Netzwerken zu interagieren.<\/p>\n<p>Facebook, betrieben von der Facebook Inc., 1601 S. California Ave, Palo Alto, CA 94304, USA<\/p>\n<p>Twitter, betrieben von der Twitter Inc., 795 Folsom Street, Suite 600, San Francisco, CA 94107, USA<\/p>\n<p>Google+, betrieben von der Google Inc., 1600 Amphitheatre Parkway, Mountain View, CA 94043, USA<\/p>\n<p>LinkedIn, betrieben von der LinkedIn Inc., 2029 Stierlin Court, Mountain View, CA 94043, USA<\/p>\n<p>Pinterest, betrieben von der Pinterest Inc., 808 Brannan Street, San Francisco, CA 94103, USA<\/p>\n<p>YouTube, betrieben von der YouTube LLC, 901 Cherry Avenue, San Bruno, CA 94066 USA<\/p>\n<p>Wenn Sie auf einen Link eines dieser sozialen Netzwerke klicken, wird eine Verbindung zum jeweiligen Server dieses Netzwerks hergestellt. Wir haben keinen Einfluss auf den Umfang und Inhalt der Daten, die durch den Klick auf den Link an den jeweiligen Betreiber des jeweiligen sozialen Netzwerks \u00fcbermittelt werden.<\/p>\n<p>Sollten Sie sich \u00fcber Art, Umfang und Zweck der von den Betreibern dieser sozialen Netzwerke erhobenen Daten informieren wollen, lesen Sie bitte die Datenschutzbestimmungen des jeweiligen sozialen Netzwerks.<\/p>\n<p>Wenn Sie nicht w\u00fcnschen, dass die Social Media Netzwerke Ihren Besuch unserer Website Ihrem Social Media Nutzerkonten zuordnen k\u00f6nnen, loggen Sie sich bitte aus den entsprechenden Benutzerkonten der Social Media Netzwerke aus.<\/p>\n<p><strong>Allgemein \u00fcber personenbezogene Daten <\/strong><\/p>\n<p>Personenbezogene Daten werden nur im notwendigen Umfang erhoben, sodass die Funktionsf\u00e4higkeit\u00a0 der Website und die Erbringung unserer Leistungen gew\u00e4hrleistet ist. Ihre Daten werden nur zweckgebunden verarbeitet (z.B. Registrierung, Newsletter, Anfrage, Kauf) oder wenn dies gesetzlich zul\u00e4ssig ist.<\/p>\n<p>Ihre Daten werden \u2013 sofern nicht an anderer Stelle dieser Datenschutzerkl\u00e4rung aufgef\u00fchrt oder f\u00fcr bestimmte Datens\u00e4tze etwas anderes bestimmt wird \u2013 solange aufbewahrt, als dies f\u00fcr die Vertragserf\u00fcllung bzw. aufgrund rechtlicher Bestimmungen notwendig ist.<\/p>\n<p>Diese Daten werden von uns gruns\u00e4tzlich nicht an Dritte weitergegeben oder f\u00fcr andere Zwecke verwendet. Die von Ihnen ermittelten Daten werden dann an Dritte weitergegeben, wenn dies notwendig ist, um einen gerichtlichen oder beh\u00f6rdlichen Auftrag zu erf\u00fcllen oder wenn dies von Ihnen selbst gew\u00fcnscht wird.<\/p>\n<p>Liegt kein Speicherungszweck und keine Speicherfrist mehr vor, werden die personenbezogenen Daten routinem\u00e4\u00dfig und entsprechend den gesetzlichen Bestimmungen gel\u00f6scht oder gesperrt.<\/p>\n<p><strong>Sicherheit <\/strong><\/p>\n<p>Ihre Daten sind auf gesch\u00fctzten Servern bis auf weiteres gespeichert. Der Zugriff darauf ist nur sehr wenigen Personen m\u00f6glich, die mit der technischen Betreuung der Server befasst sind. Diese treffen Vorkehrungen, um die Sicherheit ihrer personenbezogenen Daten zu gew\u00e4hrleisten. Ihre Daten werden gewissenhaft vor Verlust, Zerst\u00f6rung, Verf\u00e4lschung, Manipulation, unberechtigtem Zugriff oder unberechtigter Offenlegung gesch\u00fctzt.<\/p>\n<p>Wir weisen darauf hin, dass die Daten\u00fcbertragung im Internet (z.B. bei Kommunikation per E-Mail) Sicherheitsl\u00fccken aufweisen kann. Ein l\u00fcckenloser Schutz der Daten vor dem Zugriff durch Dritte ist nicht m\u00f6glich.<\/p>\n<p><strong>Betroffenenrechte <\/strong><\/p>\n<p>Sie haben das Recht auf Auskunft seitens des Verantwortlichen \u00fcber die betreffenden personenbezogenen Daten sowie auf Berichtigung oder L\u00f6schung oder auf Einschr\u00e4nkung der Verarbeitung oder eines Widerspruchsrechts gegen die Verarbeitung sowie des Rechts auf Daten\u00fcbertragbarkeit. Ebenso haben Sie das Recht der Beschwerde bei der Datenschutzbeh\u00f6rde (https:\/\/www.dsb.gv.at).<\/p>\n<p>Stand: Dornbirn, Mai 2023<\/p>\n<\/div><\/section><\/div><div class='flex_column av-3dp7-01db25c576af778df6d0ea9d852326d3 av_one_fifth  avia-builder-el-8  el_after_av_three_fifth  avia-builder-el-last  flex_column_div column-top-margin'   ><\/div><\/div><\/div><\/main><!-- close content main element --><\/div><\/div><div id='after_section_1'  class='main_color av_default_container_wrap container_wrap sidebar_right'  ><div class='container av-section-cont-open' ><div class='template-page content  av-content-small alpha units'><div class='post-entry post-entry-type-page post-entry-3'><div class='entry-content-wrapper clearfix'>\n","protected":false},"excerpt":{"rendered":"","protected":false},"author":1,"featured_media":0,"parent":0,"menu_order":0,"comment_status":"closed","ping_status":"closed","template":"","meta":{"footnotes":""},"class_list":["post-3","page","type-page","status-publish","hentry"],"yoast_head":"<!-- This site is optimized with the Yoast SEO plugin v25.8 - https:\/\/yoast.com\/wordpress\/plugins\/seo\/ -->\n<title>Datenschutz - Dr. Susanne Hartmann-Fussenegger<\/title>\n<meta name=\"robots\" content=\"index, follow, max-snippet:-1, max-image-preview:large, max-video-preview:-1\" \/>\n<link rel=\"canonical\" href=\"https:\/\/dr-hartmann.com\/index.php\/datenschutz\/\" \/>\n<meta property=\"og:locale\" content=\"de_DE\" \/>\n<meta property=\"og:type\" content=\"article\" \/>\n<meta property=\"og:title\" content=\"Datenschutz - Dr. Susanne Hartmann-Fussenegger\" \/>\n<meta property=\"og:url\" content=\"https:\/\/dr-hartmann.com\/index.php\/datenschutz\/\" \/>\n<meta property=\"og:site_name\" content=\"Dr. Susanne Hartmann-Fussenegger\" \/>\n<meta property=\"article:modified_time\" content=\"2023-05-03T12:52:40+00:00\" \/>\n<meta name=\"twitter:card\" content=\"summary_large_image\" \/>\n<meta name=\"twitter:label1\" content=\"Gesch\u00e4tzte Lesezeit\" \/>\n\t<meta name=\"twitter:data1\" content=\"18 Minuten\" \/>\n<script type=\"application\/ld+json\" class=\"yoast-schema-graph\">{\"@context\":\"https:\/\/schema.org\",\"@graph\":[{\"@type\":\"WebPage\",\"@id\":\"https:\/\/dr-hartmann.com\/index.php\/datenschutz\/\",\"url\":\"https:\/\/dr-hartmann.com\/index.php\/datenschutz\/\",\"name\":\"Datenschutz - Dr. Susanne Hartmann-Fussenegger\",\"isPartOf\":{\"@id\":\"https:\/\/dr-hartmann.com\/#website\"},\"datePublished\":\"2022-05-10T07:50:49+00:00\",\"dateModified\":\"2023-05-03T12:52:40+00:00\",\"breadcrumb\":{\"@id\":\"https:\/\/dr-hartmann.com\/index.php\/datenschutz\/#breadcrumb\"},\"inLanguage\":\"de-AT\",\"potentialAction\":[{\"@type\":\"ReadAction\",\"target\":[\"https:\/\/dr-hartmann.com\/index.php\/datenschutz\/\"]}]},{\"@type\":\"BreadcrumbList\",\"@id\":\"https:\/\/dr-hartmann.com\/index.php\/datenschutz\/#breadcrumb\",\"itemListElement\":[{\"@type\":\"ListItem\",\"position\":1,\"name\":\"Startseite\",\"item\":\"https:\/\/dr-hartmann.com\/\"},{\"@type\":\"ListItem\",\"position\":2,\"name\":\"Datenschutz\"}]},{\"@type\":\"WebSite\",\"@id\":\"https:\/\/dr-hartmann.com\/#website\",\"url\":\"https:\/\/dr-hartmann.com\/\",\"name\":\"Dr. Susanne Hartmann-Fussenegger - Neurologin\",\"description\":\"Praxis f\u00fcr Neurologie\",\"publisher\":{\"@id\":\"https:\/\/dr-hartmann.com\/#organization\"},\"potentialAction\":[{\"@type\":\"SearchAction\",\"target\":{\"@type\":\"EntryPoint\",\"urlTemplate\":\"https:\/\/dr-hartmann.com\/?s={search_term_string}\"},\"query-input\":{\"@type\":\"PropertyValueSpecification\",\"valueRequired\":true,\"valueName\":\"search_term_string\"}}],\"inLanguage\":\"de-AT\"},{\"@type\":\"Organization\",\"@id\":\"https:\/\/dr-hartmann.com\/#organization\",\"name\":\"Dr. Susanne Hartmann-Fussenegger - Neurologin\",\"url\":\"https:\/\/dr-hartmann.com\/\",\"logo\":{\"@type\":\"ImageObject\",\"inLanguage\":\"de-AT\",\"@id\":\"https:\/\/dr-hartmann.com\/#\/schema\/logo\/image\/\",\"url\":\"https:\/\/dr-hartmann.com\/wp-content\/uploads\/2023\/07\/Logo_DrSusanneHartmann.png\",\"contentUrl\":\"https:\/\/dr-hartmann.com\/wp-content\/uploads\/2023\/07\/Logo_DrSusanneHartmann.png\",\"width\":500,\"height\":173,\"caption\":\"Dr. Susanne Hartmann-Fussenegger - Neurologin\"},\"image\":{\"@id\":\"https:\/\/dr-hartmann.com\/#\/schema\/logo\/image\/\"}}]}<\/script>\n<!-- \/ Yoast SEO plugin. -->","yoast_head_json":{"title":"Datenschutz - Dr. Susanne Hartmann-Fussenegger","robots":{"index":"index","follow":"follow","max-snippet":"max-snippet:-1","max-image-preview":"max-image-preview:large","max-video-preview":"max-video-preview:-1"},"canonical":"https:\/\/dr-hartmann.com\/index.php\/datenschutz\/","og_locale":"de_DE","og_type":"article","og_title":"Datenschutz - Dr. Susanne Hartmann-Fussenegger","og_url":"https:\/\/dr-hartmann.com\/index.php\/datenschutz\/","og_site_name":"Dr. Susanne Hartmann-Fussenegger","article_modified_time":"2023-05-03T12:52:40+00:00","twitter_card":"summary_large_image","twitter_misc":{"Gesch\u00e4tzte Lesezeit":"18 Minuten"},"schema":{"@context":"https:\/\/schema.org","@graph":[{"@type":"WebPage","@id":"https:\/\/dr-hartmann.com\/index.php\/datenschutz\/","url":"https:\/\/dr-hartmann.com\/index.php\/datenschutz\/","name":"Datenschutz - Dr. Susanne Hartmann-Fussenegger","isPartOf":{"@id":"https:\/\/dr-hartmann.com\/#website"},"datePublished":"2022-05-10T07:50:49+00:00","dateModified":"2023-05-03T12:52:40+00:00","breadcrumb":{"@id":"https:\/\/dr-hartmann.com\/index.php\/datenschutz\/#breadcrumb"},"inLanguage":"de-AT","potentialAction":[{"@type":"ReadAction","target":["https:\/\/dr-hartmann.com\/index.php\/datenschutz\/"]}]},{"@type":"BreadcrumbList","@id":"https:\/\/dr-hartmann.com\/index.php\/datenschutz\/#breadcrumb","itemListElement":[{"@type":"ListItem","position":1,"name":"Startseite","item":"https:\/\/dr-hartmann.com\/"},{"@type":"ListItem","position":2,"name":"Datenschutz"}]},{"@type":"WebSite","@id":"https:\/\/dr-hartmann.com\/#website","url":"https:\/\/dr-hartmann.com\/","name":"Dr. Susanne Hartmann-Fussenegger - Neurologin","description":"Praxis f\u00fcr Neurologie","publisher":{"@id":"https:\/\/dr-hartmann.com\/#organization"},"potentialAction":[{"@type":"SearchAction","target":{"@type":"EntryPoint","urlTemplate":"https:\/\/dr-hartmann.com\/?s={search_term_string}"},"query-input":{"@type":"PropertyValueSpecification","valueRequired":true,"valueName":"search_term_string"}}],"inLanguage":"de-AT"},{"@type":"Organization","@id":"https:\/\/dr-hartmann.com\/#organization","name":"Dr. Susanne Hartmann-Fussenegger - Neurologin","url":"https:\/\/dr-hartmann.com\/","logo":{"@type":"ImageObject","inLanguage":"de-AT","@id":"https:\/\/dr-hartmann.com\/#\/schema\/logo\/image\/","url":"https:\/\/dr-hartmann.com\/wp-content\/uploads\/2023\/07\/Logo_DrSusanneHartmann.png","contentUrl":"https:\/\/dr-hartmann.com\/wp-content\/uploads\/2023\/07\/Logo_DrSusanneHartmann.png","width":500,"height":173,"caption":"Dr. Susanne Hartmann-Fussenegger - Neurologin"},"image":{"@id":"https:\/\/dr-hartmann.com\/#\/schema\/logo\/image\/"}}]}},"_links":{"self":[{"href":"https:\/\/dr-hartmann.com\/index.php\/wp-json\/wp\/v2\/pages\/3","targetHints":{"allow":["GET"]}}],"collection":[{"href":"https:\/\/dr-hartmann.com\/index.php\/wp-json\/wp\/v2\/pages"}],"about":[{"href":"https:\/\/dr-hartmann.com\/index.php\/wp-json\/wp\/v2\/types\/page"}],"author":[{"embeddable":true,"href":"https:\/\/dr-hartmann.com\/index.php\/wp-json\/wp\/v2\/users\/1"}],"replies":[{"embeddable":true,"href":"https:\/\/dr-hartmann.com\/index.php\/wp-json\/wp\/v2\/comments?post=3"}],"version-history":[{"count":6,"href":"https:\/\/dr-hartmann.com\/index.php\/wp-json\/wp\/v2\/pages\/3\/revisions"}],"predecessor-version":[{"id":426,"href":"https:\/\/dr-hartmann.com\/index.php\/wp-json\/wp\/v2\/pages\/3\/revisions\/426"}],"wp:attachment":[{"href":"https:\/\/dr-hartmann.com\/index.php\/wp-json\/wp\/v2\/media?parent=3"}],"curies":[{"name":"wp","href":"https:\/\/api.w.org\/{rel}","templated":true}]}}